{"id":846,"date":"2026-04-28T09:20:26","date_gmt":"2026-04-28T12:20:26","guid":{"rendered":"https:\/\/www.nutrirancho.com.br\/?post_type=product&#038;p=846"},"modified":"2026-04-28T11:30:31","modified_gmt":"2026-04-28T14:30:31","slug":"cesta-biscoitos-zeze","status":"publish","type":"product","link":"https:\/\/www.nutrirancho.com.br\/?product=cesta-biscoitos-zeze","title":{"rendered":"CESTA BISCOITOS ZEZ\u00c9"},"content":{"rendered":"","protected":false},"excerpt":{"rendered":"<p class=\"cvGsUA direction-ltr align-start para-style-body\"><span class=\"a_GcMg font-feature-liga-off font-feature-clig-off font-feature-calt-off text-decoration-none text-strikethrough-none\">1 BISCOITO DOCE MINIDITOS SABORES ZEZ\u00c9 200G<\/span><\/p>\n<p class=\"cvGsUA direction-ltr align-start para-style-body\"><span class=\"a_GcMg font-feature-liga-off font-feature-clig-off font-feature-calt-off text-decoration-none text-strikethrough-none\">1 BISCOITO DOCE FOLHADO MA\u00c7\u00c3 E CANELA ZEZ\u00c9 200G<\/span><\/p>\n<p class=\"cvGsUA direction-ltr align-start para-style-body\"><span class=\"a_GcMg font-feature-liga-off font-feature-clig-off font-feature-calt-off text-decoration-none text-strikethrough-none\">1 BISCOITO DOCE RAMINHO C\/ ERVA DOCE ZEZ\u00c9 200G<\/span><\/p>\n<p class=\"cvGsUA direction-ltr align-start para-style-body\"><span class=\"a_GcMg font-feature-liga-off font-feature-clig-off font-feature-calt-off text-decoration-none text-strikethrough-none\">1 BISCOITO DOCE FURA BOLO SABORES ZEZ\u00c9 180G<\/span><\/p>\n<p class=\"cvGsUA direction-ltr align-start para-style-body\"><span class=\"a_GcMg font-feature-liga-off font-feature-clig-off font-feature-calt-off text-decoration-none text-strikethrough-none\">1 BISCOITO SALGADO MIGNON ZEZ\u00c9 200G<\/span><\/p>\n<p class=\"cvGsUA direction-ltr align-start para-style-body\"><span class=\"a_GcMg font-feature-liga-off font-feature-clig-off font-feature-calt-off text-decoration-none text-strikethrough-none\">3 BISCOITO SALGADO Petisk SABORES ZEZ\u00c9 80G<\/span><\/p>\n","protected":false},"featured_media":847,"comment_status":"open","ping_status":"closed","template":"","meta":[],"product_cat":[15],"product_tag":[],"_links":{"self":[{"href":"https:\/\/www.nutrirancho.com.br\/index.php?rest_route=\/wp\/v2\/product\/846"}],"collection":[{"href":"https:\/\/www.nutrirancho.com.br\/index.php?rest_route=\/wp\/v2\/product"}],"about":[{"href":"https:\/\/www.nutrirancho.com.br\/index.php?rest_route=\/wp\/v2\/types\/product"}],"replies":[{"embeddable":true,"href":"https:\/\/www.nutrirancho.com.br\/index.php?rest_route=%2Fwp%2Fv2%2Fcomments&post=846"}],"wp:featuredmedia":[{"embeddable":true,"href":"https:\/\/www.nutrirancho.com.br\/index.php?rest_route=\/wp\/v2\/media\/847"}],"wp:attachment":[{"href":"https:\/\/www.nutrirancho.com.br\/index.php?rest_route=%2Fwp%2Fv2%2Fmedia&parent=846"}],"wp:term":[{"taxonomy":"product_cat","embeddable":true,"href":"https:\/\/www.nutrirancho.com.br\/index.php?rest_route=%2Fwp%2Fv2%2Fproduct_cat&post=846"},{"taxonomy":"product_tag","embeddable":true,"href":"https:\/\/www.nutrirancho.com.br\/index.php?rest_route=%2Fwp%2Fv2%2Fproduct_tag&post=846"}],"curies":[{"name":"wp","href":"https:\/\/api.w.org\/{rel}","templated":true}]}}