{"id":627,"date":"2022-08-15T10:22:48","date_gmt":"2022-08-15T13:22:48","guid":{"rendered":"https:\/\/www.nutrirancho.com.br\/?post_type=product&#038;p=627"},"modified":"2026-04-27T16:10:38","modified_gmt":"2026-04-27T19:10:38","slug":"kit-max","status":"publish","type":"product","link":"https:\/\/www.nutrirancho.com.br\/?product=kit-max","title":{"rendered":"KIT MAX"},"content":{"rendered":"","protected":false},"excerpt":{"rendered":"<p><span style=\"color: #993300;\"><strong>R$ 405,00 cart\u00e3o de cr\u00e9dito, vale alimenta\u00e7\u00e3o e refei\u00e7\u00e3o<br \/>\nR$ 395,00 \u00e0 vista em dinheiro, pix e d\u00e9bito<\/strong><\/span><\/p>\n<p><strong>CESTA DE ALIMENTOS<\/strong><\/p>\n<ul>\n<li>10 Kg Arroz Branco T1 Blue Ville \/ Namorado<\/li>\n<li>3 Kg Feij\u00e3o Preto T1 Blue Ville \/ Namorado<\/li>\n<li>4 Kg A\u00e7\u00facar Refinado<\/li>\n<li>2 Kg Farinha De Trigo Isabela<\/li>\n<li>1 Fermento De P\u00e3o Instant\u00e2neo Dr. Oetker 10g<\/li>\n<li>4 \u00d3leo De Soja 900ml<\/li>\n<li>1 Kg Sal Refinado<\/li>\n<li>2 Macarr\u00e3o Espaguete C\/ Ovos Orqu\u00eddea 500g<\/li>\n<li>2 Macarr\u00e3o Parafuso C\/ Ovos Orqu\u00eddea 500g<\/li>\n<li>2 Macarr\u00e3o Miojo Nissin L\u00e1men 85g<\/li>\n<li>2 Molho De Tomate Sach\u00ea Fugini 300g<\/li>\n<li>2 Extrato De Tomate Sach\u00ea Fugini 300g<\/li>\n<li>1 Polenta 500g<\/li>\n<li>2 Caf\u00e9 Melitta 500g<\/li>\n<li>1 Lata De Nescau 370g<\/li>\n<li>1 Leite Condensado Italac 395g<\/li>\n<li>1 Creme De Leite Italac 200g<\/li>\n<li>1 Biscoito Sortido 265g<\/li>\n<\/ul>\n<p><strong>CESTA DE LIMPEZA<\/strong><\/p>\n<ul>\n<li>2 Pct De Papel Higi\u00eanico Folha Dupla Doble 4&#215;30 Mt<\/li>\n<li>2 Creme Dental Colgate 90g<\/li>\n<li>4 Sabonete Sensus 90g<\/li>\n<li>1 Esponja Cozinha Multiuso<\/li>\n<li>2 Detergente Gota Limpa 500ml<\/li>\n<li>1 Amaciante Gota Limpa 2lt<\/li>\n<li>1 Desinfetante Gota Limpa 2lt<\/li>\n<li>1 \u00c1gua Sanit\u00e1ria Gota Limpa 2lt<\/li>\n<li>1 Sab\u00e3o Em P\u00f3 Omo 800gr<\/li>\n<\/ul>\n","protected":false},"featured_media":830,"comment_status":"open","ping_status":"closed","template":"","meta":[],"product_cat":[22],"product_tag":[],"_links":{"self":[{"href":"https:\/\/www.nutrirancho.com.br\/index.php?rest_route=\/wp\/v2\/product\/627"}],"collection":[{"href":"https:\/\/www.nutrirancho.com.br\/index.php?rest_route=\/wp\/v2\/product"}],"about":[{"href":"https:\/\/www.nutrirancho.com.br\/index.php?rest_route=\/wp\/v2\/types\/product"}],"replies":[{"embeddable":true,"href":"https:\/\/www.nutrirancho.com.br\/index.php?rest_route=%2Fwp%2Fv2%2Fcomments&post=627"}],"wp:featuredmedia":[{"embeddable":true,"href":"https:\/\/www.nutrirancho.com.br\/index.php?rest_route=\/wp\/v2\/media\/830"}],"wp:attachment":[{"href":"https:\/\/www.nutrirancho.com.br\/index.php?rest_route=%2Fwp%2Fv2%2Fmedia&parent=627"}],"wp:term":[{"taxonomy":"product_cat","embeddable":true,"href":"https:\/\/www.nutrirancho.com.br\/index.php?rest_route=%2Fwp%2Fv2%2Fproduct_cat&post=627"},{"taxonomy":"product_tag","embeddable":true,"href":"https:\/\/www.nutrirancho.com.br\/index.php?rest_route=%2Fwp%2Fv2%2Fproduct_tag&post=627"}],"curies":[{"name":"wp","href":"https:\/\/api.w.org\/{rel}","templated":true}]}}