{"id":466,"date":"2020-09-02T11:37:31","date_gmt":"2020-09-02T14:37:31","guid":{"rendered":"http:\/\/www.nutrirancho.com.br\/?post_type=product&#038;p=466"},"modified":"2026-04-27T16:23:23","modified_gmt":"2026-04-27T19:23:23","slug":"kit-economix","status":"publish","type":"product","link":"https:\/\/www.nutrirancho.com.br\/?product=kit-economix","title":{"rendered":"KIT ECONOMIX"},"content":{"rendered":"","protected":false},"excerpt":{"rendered":"<p><span style=\"color: #993300;\"><strong>R$ 265,00 cart\u00e3o de cr\u00e9dito, vale alimenta\u00e7\u00e3o e refei\u00e7\u00e3o<\/strong><\/span><br \/>\n<span style=\"color: #993300;\"><strong>R$ 255,00 \u00e0 vista em dinheiro, pix e d\u00e9bito<\/strong><\/span><\/p>\n<p>CESTA DE ALIMENTOS<\/p>\n<ul>\n<li>5 Kg Arroz Branco T1 Blue Ville<\/li>\n<li>2 Kg Feij\u00e3o Preto T1 Blue Ville<\/li>\n<li>3 Kg A\u00e7\u00facar Refinado<\/li>\n<li>2 Kg Farinha De Trigo Isabela<\/li>\n<li>1 Fermento De P\u00e3o Instant\u00e2neo Dr. Oetker 10g<\/li>\n<li>3 \u00d3leo De Soja 900ml<\/li>\n<li>1 Kg Sal Refinado<\/li>\n<li>2 Macarr\u00e3o Espaguete C\/ Ovos Orqu\u00eddea 500g<\/li>\n<li>1 Macarr\u00e3o Parafuso C\/ Ovos Orqu\u00eddea 500g<\/li>\n<li>2 Molho De Tomate Sach\u00ea Fugini 300g<\/li>\n<li>1 Extrato De Tomate Sach\u00ea Fugini 300g<\/li>\n<li>1 Polenta 500g<\/li>\n<li>1 Mistura P\/ Bolo Orqu\u00eddea 400g<\/li>\n<li>1 Caf\u00e9 Melitta 500g<\/li>\n<li>1 Lata De Nescau 370g<\/li>\n<li>1 Biscoito Maria Orqu\u00eddea 320g<\/li>\n<li>1 Biscoito \u00c1gua E Sal Orqu\u00eddea 320g<\/li>\n<li>1 Chimia Da Serra 400g<\/li>\n<\/ul>\n<p><strong>CESTA DE LIMPEZA<\/strong><\/p>\n<ul>\n<li>1 Pct De Papel Higi\u00eanico Folha Dupla Doble 4&#215;30 Mt<\/li>\n<li>1 Creme Dental Closeup 90g<\/li>\n<li>2 Sabonete Sensus 90g<\/li>\n<li>1 Esponja Cozinha Multiuso<\/li>\n<li>1 Detergente Gota Limpa 500ml<\/li>\n<li>1 Desinfetante Gota Limpa 500ml<\/li>\n<li>1 Sab\u00e3o Em P\u00f3 Omo 800g<\/li>\n<\/ul>\n","protected":false},"featured_media":835,"comment_status":"open","ping_status":"closed","template":"","meta":[],"product_cat":[22],"product_tag":[],"_links":{"self":[{"href":"https:\/\/www.nutrirancho.com.br\/index.php?rest_route=\/wp\/v2\/product\/466"}],"collection":[{"href":"https:\/\/www.nutrirancho.com.br\/index.php?rest_route=\/wp\/v2\/product"}],"about":[{"href":"https:\/\/www.nutrirancho.com.br\/index.php?rest_route=\/wp\/v2\/types\/product"}],"replies":[{"embeddable":true,"href":"https:\/\/www.nutrirancho.com.br\/index.php?rest_route=%2Fwp%2Fv2%2Fcomments&post=466"}],"wp:featuredmedia":[{"embeddable":true,"href":"https:\/\/www.nutrirancho.com.br\/index.php?rest_route=\/wp\/v2\/media\/835"}],"wp:attachment":[{"href":"https:\/\/www.nutrirancho.com.br\/index.php?rest_route=%2Fwp%2Fv2%2Fmedia&parent=466"}],"wp:term":[{"taxonomy":"product_cat","embeddable":true,"href":"https:\/\/www.nutrirancho.com.br\/index.php?rest_route=%2Fwp%2Fv2%2Fproduct_cat&post=466"},{"taxonomy":"product_tag","embeddable":true,"href":"https:\/\/www.nutrirancho.com.br\/index.php?rest_route=%2Fwp%2Fv2%2Fproduct_tag&post=466"}],"curies":[{"name":"wp","href":"https:\/\/api.w.org\/{rel}","templated":true}]}}