{"id":406,"date":"2019-10-28T13:16:45","date_gmt":"2019-10-28T16:16:45","guid":{"rendered":"http:\/\/www.nutrirancho.com.br\/?post_type=product&#038;p=406"},"modified":"2026-04-27T16:27:56","modified_gmt":"2026-04-27T19:27:56","slug":"kit-basico","status":"publish","type":"product","link":"https:\/\/www.nutrirancho.com.br\/?product=kit-basico","title":{"rendered":"KIT B\u00c1SICO"},"content":{"rendered":"","protected":false},"excerpt":{"rendered":"<p><span style=\"color: #993300;\"><strong>R$ 325,00 cart\u00e3o de cr\u00e9dito, vale alimenta\u00e7\u00e3o e refei\u00e7\u00e3o<\/strong><\/span><br \/>\n<span style=\"color: #993300;\"><strong>R$ 315,00 \u00e0 vista em dinheiro, pix e d\u00e9bito<\/strong><\/span><\/p>\n<p><strong>CESTA DE ALIMENTOS<\/strong><\/p>\n<ul>\n<li>10 Kg Arroz Branco T1 Blue Ville<\/li>\n<li>3 Kg Feij\u00e3o Preto T1 Blue Ville<\/li>\n<li>5 Kg A\u00e7\u00facar Refinado<\/li>\n<li>3 Kg Farinha De Trigo Isabela<\/li>\n<li>1 Fermento De P\u00e3o Instant\u00e2neo Dr. Oetker 10g<\/li>\n<li>5 \u00d3leo De Soja 900ml<\/li>\n<li>1 Kg Sal Refinado<\/li>\n<li>2 Macarr\u00e3o Espaguete C\/ Ovos Orqu\u00eddea 500g<\/li>\n<li>2 Macarr\u00e3o Parafuso C\/ Ovos Orqu\u00eddea 500g<\/li>\n<li>2 Molho De Tomate Sach\u00ea Fugini 300g<\/li>\n<li>1 Extrato De Tomate Sach\u00ea Fugini 300g<\/li>\n<li>1 Polenta 500g<\/li>\n<li>2 Caf\u00e9 Melitta 500g<\/li>\n<li>1 Lata De Nescau 370g<\/li>\n<li>1 Biscoito Maria Orqu\u00eddea 320g<\/li>\n<li>1 Biscoito \u00c1gua E Sal Orqu\u00eddea 320g<\/li>\n<\/ul>\n","protected":false},"featured_media":838,"comment_status":"open","ping_status":"closed","template":"","meta":[],"product_cat":[22],"product_tag":[],"_links":{"self":[{"href":"https:\/\/www.nutrirancho.com.br\/index.php?rest_route=\/wp\/v2\/product\/406"}],"collection":[{"href":"https:\/\/www.nutrirancho.com.br\/index.php?rest_route=\/wp\/v2\/product"}],"about":[{"href":"https:\/\/www.nutrirancho.com.br\/index.php?rest_route=\/wp\/v2\/types\/product"}],"replies":[{"embeddable":true,"href":"https:\/\/www.nutrirancho.com.br\/index.php?rest_route=%2Fwp%2Fv2%2Fcomments&post=406"}],"wp:featuredmedia":[{"embeddable":true,"href":"https:\/\/www.nutrirancho.com.br\/index.php?rest_route=\/wp\/v2\/media\/838"}],"wp:attachment":[{"href":"https:\/\/www.nutrirancho.com.br\/index.php?rest_route=%2Fwp%2Fv2%2Fmedia&parent=406"}],"wp:term":[{"taxonomy":"product_cat","embeddable":true,"href":"https:\/\/www.nutrirancho.com.br\/index.php?rest_route=%2Fwp%2Fv2%2Fproduct_cat&post=406"},{"taxonomy":"product_tag","embeddable":true,"href":"https:\/\/www.nutrirancho.com.br\/index.php?rest_route=%2Fwp%2Fv2%2Fproduct_tag&post=406"}],"curies":[{"name":"wp","href":"https:\/\/api.w.org\/{rel}","templated":true}]}}