{"id":162,"date":"2019-01-03T17:50:24","date_gmt":"2019-01-03T19:50:24","guid":{"rendered":"http:\/\/www.nutrirancho.com.br\/?post_type=product&#038;p=162"},"modified":"2026-04-27T16:36:44","modified_gmt":"2026-04-27T19:36:44","slug":"kit-master","status":"publish","type":"product","link":"https:\/\/www.nutrirancho.com.br\/?product=kit-master","title":{"rendered":"KIT MASTER"},"content":{"rendered":"","protected":false},"excerpt":{"rendered":"<p><span style=\"color: #993300;\"><strong>R$ 530,00 cart\u00e3o de cr\u00e9dito, vale alimenta\u00e7\u00e3o e refei\u00e7\u00e3o<br \/>\nR$ 520,00 \u00e0 vista em dinheiro, pix e d\u00e9bito<\/strong><\/span><\/p>\n<p><strong>CESTA DE ALIMENTOS<\/strong><\/p>\n<ul>\n<li>10 Kg Arroz Branco T1 Blue Ville \/ Namorado<\/li>\n<li>3 Kg Feij\u00e3o Preto T1 Blue Ville \/ Namorado<\/li>\n<li>3 Kg A\u00e7\u00facar Refinado<\/li>\n<li>3 Kg Farinha De Trigo Isabela<\/li>\n<li>1 Fermento De P\u00e3o Instant\u00e2neo Dr. Oetker 10g<\/li>\n<li>5 \u00d3leo De Soja 900ml<\/li>\n<li>1 Vinagre De \u00c1lcool 750ml<\/li>\n<li>1 Kg Sal Refinado<\/li>\n<li>1 Tempero Completo S\/ Pimenta 290g<\/li>\n<li>2 Macarr\u00e3o Espaguete C\/ Ovos Orqu\u00eddea 500g<\/li>\n<li>2 Macarr\u00e3o Parafuso C\/ Ovos Orqu\u00eddea 500g<\/li>\n<li>2 Macarr\u00e3o Miojo Nissin L\u00e1men 85g<\/li>\n<li>2 Molho De Tomate Sach\u00ea Fugini 300g<\/li>\n<li>2 Extrato De Tomate Sach\u00ea Fugini 300g<\/li>\n<li>1 Polenta 500g<\/li>\n<li>1 Ervilha Sach\u00ea Fugini 170g<\/li>\n<li>1 Milho Verde Sach\u00ea Fugini 170g<\/li>\n<li>1 Mistura P\/ Bolo Orqu\u00eddea 350g<\/li>\n<li>2 Caf\u00e9 Melitta 500g<\/li>\n<li>1 Lata De Nescau 370g<\/li>\n<li>1 Biscoito Maria Orqu\u00eddea 320g<\/li>\n<li>1 Biscoito \u00c1gua E Sal Orqu\u00eddea 320g<\/li>\n<li>1 Chimia Da Serra 300g<\/li>\n<li>1 Maionese Sach\u00ea Fugini 200g<\/li>\n<li>2 Refresco Em P\u00f3 Tang 25g<\/li>\n<li>1 Bandeja Com 20 Ovos<\/li>\n<li>1 Caixa De Leite Com 12 Lt<\/li>\n<\/ul>\n<p><strong>CESTA DE LIMPEZA<\/strong><\/p>\n<ul>\n<li>2 Pct De Papel Higi\u00eanico Folha Dupla Doble 4&#215;30 Mt<\/li>\n<li>2 Creme Dental Colgate 90g<\/li>\n<li>4 Sabonete 85g<\/li>\n<li>1 Esponja Cozinha Multiuso<\/li>\n<li>1 Pct De L\u00e3 De A\u00e7o C\/8<\/li>\n<li>2 Detergente Limpol 500ml<\/li>\n<li>1 Amaciante Gota Limpa 2lt<\/li>\n<li>1 Desinfetante Gota Limpa 2lt<\/li>\n<li>1 \u00c1gua Sanit\u00e1ria Gota Limpa 2lt<\/li>\n<li>1 Sab\u00e3o Em P\u00f3 Omo 800gr<\/li>\n<\/ul>\n","protected":false},"featured_media":841,"comment_status":"open","ping_status":"closed","template":"","meta":[],"product_cat":[22],"product_tag":[],"_links":{"self":[{"href":"https:\/\/www.nutrirancho.com.br\/index.php?rest_route=\/wp\/v2\/product\/162"}],"collection":[{"href":"https:\/\/www.nutrirancho.com.br\/index.php?rest_route=\/wp\/v2\/product"}],"about":[{"href":"https:\/\/www.nutrirancho.com.br\/index.php?rest_route=\/wp\/v2\/types\/product"}],"replies":[{"embeddable":true,"href":"https:\/\/www.nutrirancho.com.br\/index.php?rest_route=%2Fwp%2Fv2%2Fcomments&post=162"}],"wp:featuredmedia":[{"embeddable":true,"href":"https:\/\/www.nutrirancho.com.br\/index.php?rest_route=\/wp\/v2\/media\/841"}],"wp:attachment":[{"href":"https:\/\/www.nutrirancho.com.br\/index.php?rest_route=%2Fwp%2Fv2%2Fmedia&parent=162"}],"wp:term":[{"taxonomy":"product_cat","embeddable":true,"href":"https:\/\/www.nutrirancho.com.br\/index.php?rest_route=%2Fwp%2Fv2%2Fproduct_cat&post=162"},{"taxonomy":"product_tag","embeddable":true,"href":"https:\/\/www.nutrirancho.com.br\/index.php?rest_route=%2Fwp%2Fv2%2Fproduct_tag&post=162"}],"curies":[{"name":"wp","href":"https:\/\/api.w.org\/{rel}","templated":true}]}}